{"id":3965,"date":"2025-03-11T19:12:24","date_gmt":"2025-03-11T19:12:24","guid":{"rendered":"https:\/\/tradi-market.store\/?post_type=product&#038;p=3965"},"modified":"2025-03-11T19:12:24","modified_gmt":"2025-03-11T19:12:24","slug":"farine-de-mais","status":"publish","type":"product","link":"https:\/\/tradi-market.store\/?product=farine-de-mais","title":{"rendered":"Farine de ma\u00efs"},"content":{"rendered":"<p>Elle est utilis\u00e9e pour pr\u00e9parer divers plats traditionnels, notamment comme accompagnement (p\u00e2tes, bouillies, couscous), mais aussi pour la p\u00e2tisserie (g\u00e2teaux, pains)<\/p>\n","protected":false},"excerpt":{"rendered":"<p>Elle est utilis\u00e9e pour pr\u00e9parer divers plats traditionnels, notamment comme accompagnement (p\u00e2tes, bouillies, couscous), mais aussi pour la p\u00e2tisserie (g\u00e2teaux, pains)<\/p>\n","protected":false},"featured_media":3930,"template":"","meta":[],"product_brand":[],"product_cat":[55],"product_tag":[],"class_list":{"0":"post-3965","1":"product","2":"type-product","3":"status-publish","4":"has-post-thumbnail","6":"product_cat-accompagnements","8":"first","9":"instock","10":"taxable","11":"shipping-taxable","12":"purchasable","13":"product-type-variable"},"_links":{"self":[{"href":"https:\/\/tradi-market.store\/index.php?rest_route=\/wp\/v2\/product\/3965","targetHints":{"allow":["GET"]}}],"collection":[{"href":"https:\/\/tradi-market.store\/index.php?rest_route=\/wp\/v2\/product"}],"about":[{"href":"https:\/\/tradi-market.store\/index.php?rest_route=\/wp\/v2\/types\/product"}],"version-history":[{"count":0,"href":"https:\/\/tradi-market.store\/index.php?rest_route=\/wp\/v2\/product\/3965\/revisions"}],"wp:featuredmedia":[{"embeddable":true,"href":"https:\/\/tradi-market.store\/index.php?rest_route=\/wp\/v2\/media\/3930"}],"wp:attachment":[{"href":"https:\/\/tradi-market.store\/index.php?rest_route=%2Fwp%2Fv2%2Fmedia&parent=3965"}],"wp:term":[{"taxonomy":"product_brand","embeddable":true,"href":"https:\/\/tradi-market.store\/index.php?rest_route=%2Fwp%2Fv2%2Fproduct_brand&post=3965"},{"taxonomy":"product_cat","embeddable":true,"href":"https:\/\/tradi-market.store\/index.php?rest_route=%2Fwp%2Fv2%2Fproduct_cat&post=3965"},{"taxonomy":"product_tag","embeddable":true,"href":"https:\/\/tradi-market.store\/index.php?rest_route=%2Fwp%2Fv2%2Fproduct_tag&post=3965"}],"curies":[{"name":"wp","href":"https:\/\/api.w.org\/{rel}","templated":true}]}}