{"id":4011,"date":"2025-03-11T19:59:56","date_gmt":"2025-03-11T19:59:56","guid":{"rendered":"https:\/\/tradi-market.store\/?post_type=product&#038;p=4011"},"modified":"2025-06-16T12:01:49","modified_gmt":"2025-06-16T12:01:49","slug":"caisse-de-carottes","status":"publish","type":"product","link":"https:\/\/tradi-market.store\/?product=caisse-de-carottes","title":{"rendered":"Caisse de carottes"},"content":{"rendered":"<p>Id\u00e9ales pour la consommation quotidienne, la cuisine familiale ou la restauration, nos carottes se pr\u00eatent aussi bien \u00e0 une d\u00e9gustation crue qu&#8217;\u00e0 la cuisson.<\/p>\n","protected":false},"excerpt":{"rendered":"<p>Id\u00e9ales pour la consommation quotidienne, la cuisine familiale ou la restauration, nos carottes se pr\u00eatent aussi bien \u00e0 une d\u00e9gustation crue qu&#8217;\u00e0 la cuisson.<\/p>\n","protected":false},"featured_media":3978,"template":"","meta":[],"product_brand":[],"product_cat":[92],"product_tag":[],"class_list":{"0":"post-4011","1":"product","2":"type-product","3":"status-publish","4":"has-post-thumbnail","6":"product_cat-courses-en-gros","8":"first","9":"instock","10":"taxable","11":"shipping-taxable","12":"purchasable","13":"product-type-variable"},"_links":{"self":[{"href":"https:\/\/tradi-market.store\/index.php?rest_route=\/wp\/v2\/product\/4011","targetHints":{"allow":["GET"]}}],"collection":[{"href":"https:\/\/tradi-market.store\/index.php?rest_route=\/wp\/v2\/product"}],"about":[{"href":"https:\/\/tradi-market.store\/index.php?rest_route=\/wp\/v2\/types\/product"}],"version-history":[{"count":0,"href":"https:\/\/tradi-market.store\/index.php?rest_route=\/wp\/v2\/product\/4011\/revisions"}],"wp:featuredmedia":[{"embeddable":true,"href":"https:\/\/tradi-market.store\/index.php?rest_route=\/wp\/v2\/media\/3978"}],"wp:attachment":[{"href":"https:\/\/tradi-market.store\/index.php?rest_route=%2Fwp%2Fv2%2Fmedia&parent=4011"}],"wp:term":[{"taxonomy":"product_brand","embeddable":true,"href":"https:\/\/tradi-market.store\/index.php?rest_route=%2Fwp%2Fv2%2Fproduct_brand&post=4011"},{"taxonomy":"product_cat","embeddable":true,"href":"https:\/\/tradi-market.store\/index.php?rest_route=%2Fwp%2Fv2%2Fproduct_cat&post=4011"},{"taxonomy":"product_tag","embeddable":true,"href":"https:\/\/tradi-market.store\/index.php?rest_route=%2Fwp%2Fv2%2Fproduct_tag&post=4011"}],"curies":[{"name":"wp","href":"https:\/\/api.w.org\/{rel}","templated":true}]}}