{"id":4074,"date":"2025-03-11T21:00:11","date_gmt":"2025-03-11T21:00:11","guid":{"rendered":"https:\/\/tradi-market.store\/?post_type=product&#038;p=4074"},"modified":"2025-03-11T21:16:52","modified_gmt":"2025-03-11T21:16:52","slug":"poivron-vert","status":"publish","type":"product","link":"https:\/\/tradi-market.store\/?product=poivron-vert","title":{"rendered":"Poivron vert"},"content":{"rendered":"<p>Le poivron vert est un l\u00e9gume crisp et riche en saveur, utilis\u00e9 dans de nombreuses cuisines \u00e0 travers le monde.<\/p>\n","protected":false},"excerpt":{"rendered":"<p>Le poivron vert est un l\u00e9gume crisp et riche en saveur, utilis\u00e9 dans de nombreuses cuisines \u00e0 travers le monde.<\/p>\n","protected":false},"featured_media":4086,"template":"","meta":[],"product_brand":[],"product_cat":[52],"product_tag":[],"class_list":{"0":"post-4074","1":"product","2":"type-product","3":"status-publish","4":"has-post-thumbnail","6":"product_cat-assaisonnements","8":"first","9":"instock","10":"taxable","11":"shipping-taxable","12":"purchasable","13":"product-type-variable"},"_links":{"self":[{"href":"https:\/\/tradi-market.store\/index.php?rest_route=\/wp\/v2\/product\/4074","targetHints":{"allow":["GET"]}}],"collection":[{"href":"https:\/\/tradi-market.store\/index.php?rest_route=\/wp\/v2\/product"}],"about":[{"href":"https:\/\/tradi-market.store\/index.php?rest_route=\/wp\/v2\/types\/product"}],"version-history":[{"count":0,"href":"https:\/\/tradi-market.store\/index.php?rest_route=\/wp\/v2\/product\/4074\/revisions"}],"wp:featuredmedia":[{"embeddable":true,"href":"https:\/\/tradi-market.store\/index.php?rest_route=\/wp\/v2\/media\/4086"}],"wp:attachment":[{"href":"https:\/\/tradi-market.store\/index.php?rest_route=%2Fwp%2Fv2%2Fmedia&parent=4074"}],"wp:term":[{"taxonomy":"product_brand","embeddable":true,"href":"https:\/\/tradi-market.store\/index.php?rest_route=%2Fwp%2Fv2%2Fproduct_brand&post=4074"},{"taxonomy":"product_cat","embeddable":true,"href":"https:\/\/tradi-market.store\/index.php?rest_route=%2Fwp%2Fv2%2Fproduct_cat&post=4074"},{"taxonomy":"product_tag","embeddable":true,"href":"https:\/\/tradi-market.store\/index.php?rest_route=%2Fwp%2Fv2%2Fproduct_tag&post=4074"}],"curies":[{"name":"wp","href":"https:\/\/api.w.org\/{rel}","templated":true}]}}