{"id":4335,"date":"2025-03-15T14:24:26","date_gmt":"2025-03-15T14:24:26","guid":{"rendered":"https:\/\/tradi-market.store\/?post_type=product&#038;p=4335"},"modified":"2025-04-07T14:23:47","modified_gmt":"2025-04-07T14:23:47","slug":"feuilles-oseilles","status":"publish","type":"product","link":"https:\/\/tradi-market.store\/?product=feuilles-oseilles","title":{"rendered":"Feuilles oseilles"},"content":{"rendered":"<p>Cultiv\u00e9es de mani\u00e8re traditionnelle, nos feuilles d&#8217;oseille sont un v\u00e9ritable atout pour vos recettes de cuisine du terroir.<\/p>\n<p><strong data-start=\"864\" data-end=\"878\">Quantit\u00e9 :<\/strong> 1 pot de feuilles d&#8217;oseille fra\u00eeches.<\/p>\n","protected":false},"excerpt":{"rendered":"<p>Cultiv\u00e9es de mani\u00e8re traditionnelle, nos feuilles d&#8217;oseille sont un v\u00e9ritable atout pour vos recettes de cuisine du terroir. Quantit\u00e9 : 1 pot de feuilles d&#8217;oseille fra\u00eeches.<\/p>\n","protected":false},"featured_media":4445,"template":"","meta":[],"product_brand":[],"product_cat":[46],"product_tag":[],"class_list":{"0":"post-4335","1":"product","2":"type-product","3":"status-publish","4":"has-post-thumbnail","6":"product_cat-legumes","8":"first","9":"instock","10":"taxable","11":"shipping-taxable","12":"purchasable","13":"product-type-simple"},"_links":{"self":[{"href":"https:\/\/tradi-market.store\/index.php?rest_route=\/wp\/v2\/product\/4335","targetHints":{"allow":["GET"]}}],"collection":[{"href":"https:\/\/tradi-market.store\/index.php?rest_route=\/wp\/v2\/product"}],"about":[{"href":"https:\/\/tradi-market.store\/index.php?rest_route=\/wp\/v2\/types\/product"}],"version-history":[{"count":0,"href":"https:\/\/tradi-market.store\/index.php?rest_route=\/wp\/v2\/product\/4335\/revisions"}],"wp:featuredmedia":[{"embeddable":true,"href":"https:\/\/tradi-market.store\/index.php?rest_route=\/wp\/v2\/media\/4445"}],"wp:attachment":[{"href":"https:\/\/tradi-market.store\/index.php?rest_route=%2Fwp%2Fv2%2Fmedia&parent=4335"}],"wp:term":[{"taxonomy":"product_brand","embeddable":true,"href":"https:\/\/tradi-market.store\/index.php?rest_route=%2Fwp%2Fv2%2Fproduct_brand&post=4335"},{"taxonomy":"product_cat","embeddable":true,"href":"https:\/\/tradi-market.store\/index.php?rest_route=%2Fwp%2Fv2%2Fproduct_cat&post=4335"},{"taxonomy":"product_tag","embeddable":true,"href":"https:\/\/tradi-market.store\/index.php?rest_route=%2Fwp%2Fv2%2Fproduct_tag&post=4335"}],"curies":[{"name":"wp","href":"https:\/\/api.w.org\/{rel}","templated":true}]}}