{"id":4854,"date":"2025-10-17T13:17:29","date_gmt":"2025-10-17T13:17:29","guid":{"rendered":"https:\/\/tradi-market.store\/?post_type=product&#038;p=4854"},"modified":"2025-10-17T13:17:29","modified_gmt":"2025-10-17T13:17:29","slug":"poisson-silure-frais","status":"publish","type":"product","link":"https:\/\/tradi-market.store\/?product=poisson-silure-frais","title":{"rendered":"Poisson silure frais"},"content":{"rendered":"","protected":false},"excerpt":{"rendered":"<h4><\/h4>\n<h2><strong data-start=\"413\" data-end=\"445\">Poisson silure frais<\/strong><\/h2>\n<p>\u2013 Fra\u00eecheur, qualit\u00e9 et go\u00fbt authentique. Commandez maintenant et profitez d\u2019une livraison rapide. Chez Tradi-Market, nous proposons un poisson silure frais, sain et naturel, pr\u00e9par\u00e9 selon les normes d\u2019hygi\u00e8ne. Livraison rapide dans tout Dakar et ses environs. D\u00e9couvrez la saveur authentique du poisson silure du S\u00e9n\u00e9gal, appr\u00e9ci\u00e9 pour sa qualit\u00e9 exceptionnelle et son go\u00fbt unique.<\/p>\n","protected":false},"featured_media":4856,"template":"","meta":[],"product_brand":[],"product_cat":[39],"product_tag":[],"class_list":{"0":"post-4854","1":"product","2":"type-product","3":"status-publish","4":"has-post-thumbnail","6":"product_cat-produits-de-la-mer","8":"first","9":"instock","10":"taxable","11":"shipping-taxable","12":"purchasable","13":"product-type-simple"},"_links":{"self":[{"href":"https:\/\/tradi-market.store\/index.php?rest_route=\/wp\/v2\/product\/4854","targetHints":{"allow":["GET"]}}],"collection":[{"href":"https:\/\/tradi-market.store\/index.php?rest_route=\/wp\/v2\/product"}],"about":[{"href":"https:\/\/tradi-market.store\/index.php?rest_route=\/wp\/v2\/types\/product"}],"version-history":[{"count":0,"href":"https:\/\/tradi-market.store\/index.php?rest_route=\/wp\/v2\/product\/4854\/revisions"}],"wp:featuredmedia":[{"embeddable":true,"href":"https:\/\/tradi-market.store\/index.php?rest_route=\/wp\/v2\/media\/4856"}],"wp:attachment":[{"href":"https:\/\/tradi-market.store\/index.php?rest_route=%2Fwp%2Fv2%2Fmedia&parent=4854"}],"wp:term":[{"taxonomy":"product_brand","embeddable":true,"href":"https:\/\/tradi-market.store\/index.php?rest_route=%2Fwp%2Fv2%2Fproduct_brand&post=4854"},{"taxonomy":"product_cat","embeddable":true,"href":"https:\/\/tradi-market.store\/index.php?rest_route=%2Fwp%2Fv2%2Fproduct_cat&post=4854"},{"taxonomy":"product_tag","embeddable":true,"href":"https:\/\/tradi-market.store\/index.php?rest_route=%2Fwp%2Fv2%2Fproduct_tag&post=4854"}],"curies":[{"name":"wp","href":"https:\/\/api.w.org\/{rel}","templated":true}]}}